{"id":377,"date":"2015-01-29T08:49:59","date_gmt":"2015-01-29T08:49:59","guid":{"rendered":"http:\/\/themes.tielabs.com\/sahifa5\/?page_id=377"},"modified":"2016-08-10T12:30:15","modified_gmt":"2016-08-10T12:30:15","slug":"advertisement","status":"publish","type":"page","link":"https:\/\/sosnk.org\/en\/advertisement\/","title":{"rendered":"O Nama"},"content":{"rendered":"<p>SOS telefon Nik\u0161i\u0107 je osnovan 1998. godine od strane grupe aktivistkinja, koje su sanjale dru\u0161tvo u kom su ravnopravnost i socijalna pravda osnovne vrijednosti.<\/p>\n<p>Prepoznate smo kao jedna od vode\u0107ih NVO u Crnoj Gori u borbi za \u017eenska prava. Na\u0161a NVO nastoji da bude sna\u017ean instrument u rukama \u017eena za ekonomsko, socijalno i politi\u010dko osna\u017eivanje.<\/p>\n<p>\u010clanice smo vi\u0161e doma\u0107ih i me\u0111unarodnih mre\u017ea i koalicija \u2013 kao \u0161to su WAVE mre\u017ea i stopVAW , u cilju ja\u010danja \u017eena.<\/p>\n<p>Na\u0161a vizija: Mi sanjamo svijet u kome sve \u017eene i sva djeca \u017eive u miru i dostojanstvu.<\/p>\n<p>Misija: SOS telefon Nik\u0161i\u0107 poma\u017ee pozitivnom razvoju i primjeni kapaciteta i potencijala \u017eena i djece u porodici i dru\u0161tvu, kroz unapre\u0111enje i za\u0161titu \u017eenskih i dje\u010dijih prava, da bi, kao ravnopravne, gradile posve\u0107enu, odgovornu i otvorenu zajednicu.<\/p>\n","protected":false},"excerpt":{"rendered":"<p>SOS telefon Nik\u0161i\u0107 je osnovan 1998. godine od strane grupe aktivistkinja, koje su sanjale dru\u0161tvo u kom su ravnopravnost i socijalna pravda osnovne vrijednosti. Prepoznate smo kao jedna od vode\u0107ih NVO u Crnoj Gori u borbi za \u017eenska prava. Na\u0161a NVO nastoji da bude sna\u017ean instrument u rukama \u017eena za ekonomsko, socijalno i politi\u010dko osna\u017eivanje. &#8230;<\/p>\n","protected":false},"author":6716,"featured_media":0,"parent":0,"menu_order":0,"comment_status":"closed","ping_status":"closed","template":"","meta":[],"_links":{"self":[{"href":"https:\/\/sosnk.org\/en\/wp-json\/wp\/v2\/pages\/377"}],"collection":[{"href":"https:\/\/sosnk.org\/en\/wp-json\/wp\/v2\/pages"}],"about":[{"href":"https:\/\/sosnk.org\/en\/wp-json\/wp\/v2\/types\/page"}],"author":[{"embeddable":true,"href":"https:\/\/sosnk.org\/en\/wp-json\/wp\/v2\/users\/6716"}],"replies":[{"embeddable":true,"href":"https:\/\/sosnk.org\/en\/wp-json\/wp\/v2\/comments?post=377"}],"version-history":[{"count":0,"href":"https:\/\/sosnk.org\/en\/wp-json\/wp\/v2\/pages\/377\/revisions"}],"wp:attachment":[{"href":"https:\/\/sosnk.org\/en\/wp-json\/wp\/v2\/media?parent=377"}],"curies":[{"name":"wp","href":"https:\/\/api.w.org\/{rel}","templated":true}]}}