{"id":744,"date":"2016-08-10T12:53:54","date_gmt":"2016-08-10T12:53:54","guid":{"rendered":"https:\/\/sosnk.org\/?page_id=744"},"modified":"2016-08-10T12:53:54","modified_gmt":"2016-08-10T12:53:54","slug":"istorija-organizacije","status":"publish","type":"page","link":"https:\/\/sosnk.org\/en\/istorija-organizacije\/","title":{"rendered":"Istorija organizacije"},"content":{"rendered":"<p>Istorija organizacije<\/p>\n<ol start=\"19\">\n<li>Maj 2010<\/li>\n<\/ol>\n<p>SOS telefon za \u017eene i djecu \u017ertve nasilja Nik\u0161i\u0107 je autonomna, lokalna, feministi\u010dka nevladina organizacija osnovana u februaru 1998. Organizacija je realizovala vi\u0161e od 100 projekata u cilju da se pobolj\u0161aju, unaprede i za\u0161tite \u017eenska i dje\u010dija prava. Od 2009. godine organizacija postaje \u010dlanica evropske WAVE mre\u017ee- \u017dene Evrope protiv nasilja. Iste godine SOS telefon Nik\u0161i\u0107\u00a0 otvara\u00a0 prvo lokalno skloni\u0161te za \u017eene i djecu, koje je s po\u010detka u zakupljenom prostoru, a od 2012. Organizacija izgra\u0111uje svoj objekat\u00a0 za smje\u0161taj \u017eena i djece, koje je stavljeno u funkciju novembra 2013. Od septembra 2015. Sos telefon Nik\u0161i\u0107 postaje koordinator usluga nacionalnog i besplatnog SOS telefona, jedinstvenog specijalizovanog telefonskog servisa u Crnoj Gori, koji je dostupan 24h 7 dana u sedmici.<\/p>\n<p>Prepoznate smo kao jedna od vode\u0107ih NVO u Crnoj Gori u borbi za \u017eenska prava. Na\u0161a NVO nastoji da bude sna\u017ean instrument u rukama \u017eena za ekonomsko, socijalno i politi\u010dko osna\u017eivanje.<\/p>\n<p>Na\u0161a vizija: Mi sanjamo svijet u kome sve \u017eene i sva djeca \u017eive u miru i dostojanstvu.<\/p>\n<p>Misija: SOS telefon Nik\u0161i\u0107 poma\u017ee pozitivnom razvoju i primjeni kapaciteta i potencijala \u017eena i djece u porodici i dru\u0161tvu, kroz unapre\u0111enje i za\u0161titu \u017eenskih i dje\u010dijih prava, da bi, kao ravnopravne, gradile posve\u0107enu, odgovornu i otvorenu zajednicu.<\/p>\n","protected":false},"excerpt":{"rendered":"<p>Istorija organizacije Maj 2010 SOS telefon za \u017eene i djecu \u017ertve nasilja Nik\u0161i\u0107 je autonomna, lokalna, feministi\u010dka nevladina organizacija osnovana u februaru 1998. Organizacija je realizovala vi\u0161e od 100 projekata u cilju da se pobolj\u0161aju, unaprede i za\u0161tite \u017eenska i dje\u010dija prava. Od 2009. godine organizacija postaje \u010dlanica evropske WAVE mre\u017ee- \u017dene Evrope protiv nasilja. &#8230;<\/p>\n","protected":false},"author":6716,"featured_media":0,"parent":0,"menu_order":0,"comment_status":"closed","ping_status":"closed","template":"","meta":[],"_links":{"self":[{"href":"https:\/\/sosnk.org\/en\/wp-json\/wp\/v2\/pages\/744"}],"collection":[{"href":"https:\/\/sosnk.org\/en\/wp-json\/wp\/v2\/pages"}],"about":[{"href":"https:\/\/sosnk.org\/en\/wp-json\/wp\/v2\/types\/page"}],"author":[{"embeddable":true,"href":"https:\/\/sosnk.org\/en\/wp-json\/wp\/v2\/users\/6716"}],"replies":[{"embeddable":true,"href":"https:\/\/sosnk.org\/en\/wp-json\/wp\/v2\/comments?post=744"}],"version-history":[{"count":0,"href":"https:\/\/sosnk.org\/en\/wp-json\/wp\/v2\/pages\/744\/revisions"}],"wp:attachment":[{"href":"https:\/\/sosnk.org\/en\/wp-json\/wp\/v2\/media?parent=744"}],"curies":[{"name":"wp","href":"https:\/\/api.w.org\/{rel}","templated":true}]}}