{"id":746,"date":"2016-08-10T12:54:37","date_gmt":"2016-08-10T12:54:37","guid":{"rendered":"https:\/\/sosnk.org\/?page_id=746"},"modified":"2016-08-10T12:54:37","modified_gmt":"2016-08-10T12:54:37","slug":"programi","status":"publish","type":"page","link":"https:\/\/sosnk.org\/en\/programi\/","title":{"rendered":"Programi"},"content":{"rendered":"<p>Programi<br \/>\n09. Septembar 2009<br \/>\n1. Program \u017ea\u0161tite \u017eena i djece od mu\u0161kog nasilja<\/p>\n<p>Programski cilj: Suzbijanje mu\u0161kog nasilja nad \u017eenama i djecom u Nik\u0161i\u0107u.<\/p>\n<p>Zadaci:<\/p>\n<p>Obezbje\u0111ivanje usluga i servisa za efikasno, brzo i adekvatno zbrinjavanje \u017eena i djece \u017ertava nasilja<br \/>\nObezbe\u0111ivanje besplatnih servisa podr\u0161ke i stru\u010dne pomo\u0107i (informativni, psiho-socijalni, pravni, zastupanje na Sudu ) za \u017eene i djecu \u017ertve nasilja<br \/>\nEdukacija profesionalki\/profesionalaca iz oblasti diskriminacije i nasilja nad \u017eenama i djecom<br \/>\nMonitoring i analiza sprovo\u0111enja zakona i strate\u0161kih dokumenata za \u017ea\u0161titu \u017eena i djece od nasilja<br \/>\nSprovo\u0111enje istra\u017eivanja o nasilju i diskriminaciji nad \u017eenama i djecom<br \/>\nRazvijanje mehanizama participacije i inkluzije gra\u0111ana za podr\u0161ku u borbi protiv nasilja nad \u017eenama<br \/>\nDiseminacija znanja i podataka zainteresovanim subjektima i ljudima iz zajednice<br \/>\n2. Socio-ekonomski program za ranjive grupe \u017eena i djece<\/p>\n<p>Programski cilj: Unaprijediti socio-ekonomski \u017eivot \u017eena pripadnica ranjivih kategorija u Nik\u0161i\u0107u.<\/p>\n<p>Zadaci:<\/p>\n<p>Uspostavljanje centra za socio-ekonomsku inkluziju \u017eena<br \/>\nRad na standardizaciji, akreditaciji i licenciranju programa i usluga<br \/>\nOrganizovanje licenciranih programa obuke za \u017eene<br \/>\nRazvijanje i unapre\u0111ivanje programskih oblasti, tehni\u010dkih pomagala i ljudskih resursa centra za obrazovanje \u017eena<br \/>\nPodsticanje \u017eenskog preduzetni\u0161tva kroz javno zagovaranje interesa \u017eena u preduzetni\u0161tvu i na tr\u017ei\u0161tu rada<br \/>\nPodsticanje razvoja socijalnih kooperativa<br \/>\nPra\u0107enje zakonske regulative i procjene efekata dr\u017eavnih programa za unapre\u0111enje polo\u017eaja marginalizovanoh grupa \u017eena i djece<br \/>\nRad na ekonomskom osna\u017eivanju i povezivanju sa institucijama i biznis sektorom \u017eena pripadnica marginalizovanih grupa<br \/>\nPromocija socijalne ekonomije kao EU principa za socijalnu inkluziju<\/p>\n","protected":false},"excerpt":{"rendered":"<p>Programi 09. Septembar 2009 1. Program \u017ea\u0161tite \u017eena i djece od mu\u0161kog nasilja Programski cilj: Suzbijanje mu\u0161kog nasilja nad \u017eenama i djecom u Nik\u0161i\u0107u. Zadaci: Obezbje\u0111ivanje usluga i servisa za efikasno, brzo i adekvatno zbrinjavanje \u017eena i djece \u017ertava nasilja Obezbe\u0111ivanje besplatnih servisa podr\u0161ke i stru\u010dne pomo\u0107i (informativni, psiho-socijalni, pravni, zastupanje na Sudu ) za &#8230;<\/p>\n","protected":false},"author":6716,"featured_media":0,"parent":0,"menu_order":0,"comment_status":"closed","ping_status":"closed","template":"","meta":[],"_links":{"self":[{"href":"https:\/\/sosnk.org\/en\/wp-json\/wp\/v2\/pages\/746"}],"collection":[{"href":"https:\/\/sosnk.org\/en\/wp-json\/wp\/v2\/pages"}],"about":[{"href":"https:\/\/sosnk.org\/en\/wp-json\/wp\/v2\/types\/page"}],"author":[{"embeddable":true,"href":"https:\/\/sosnk.org\/en\/wp-json\/wp\/v2\/users\/6716"}],"replies":[{"embeddable":true,"href":"https:\/\/sosnk.org\/en\/wp-json\/wp\/v2\/comments?post=746"}],"version-history":[{"count":0,"href":"https:\/\/sosnk.org\/en\/wp-json\/wp\/v2\/pages\/746\/revisions"}],"wp:attachment":[{"href":"https:\/\/sosnk.org\/en\/wp-json\/wp\/v2\/media?parent=746"}],"curies":[{"name":"wp","href":"https:\/\/api.w.org\/{rel}","templated":true}]}}