{"id":927,"date":"2016-08-26T07:26:10","date_gmt":"2016-08-26T07:26:10","guid":{"rendered":"https:\/\/sosnk.org\/?page_id=927"},"modified":"2016-09-29T13:09:18","modified_gmt":"2016-09-29T11:09:18","slug":"mogucnosti-i-servisi","status":"publish","type":"page","link":"https:\/\/sosnk.org\/en\/mogucnosti-i-servisi\/","title":{"rendered":"Mogu\u0107nosti i Servisi"},"content":{"rendered":"&nbsp;<\/p>\n<p><strong><span style=\"color: #000000;\">SOS cafe<\/span><\/strong> pru\u017ea mogu\u0107nost informisanja, razmjene ideja, upoznavanja i aktivnog u\u010de\u0161\u0107a mladih u kampanji \u00a0 \u00a0 \u00a0 \u00a0 \u00a0 protiv alkoholizma.<\/p>\n<ul>\n<li style=\"text-align: justify;\">U sklopu kafea se nalazi \u00a0forum :<strong>&#8220;<span style=\"color: #000000;\">DO\u0110ITE NA KAFICU<\/span>&#8220;.\u00a0<\/strong>Forum \u00a0ima za cilj da okupi mlade sa rizi\u010dnim pona\u0161anjem \u00a0da otvoreno komuniciraju. Neposrednom \u00a0komunkacijom o realnim problemima \u00a0oni \u0107e korigovati svoje stavove i me\u0111usobno se motivisati \u00a0da krenu putem dobrih promjena. Ovaj servis omogu\u0107ava anonimnost<\/li>\n<li style=\"text-align: justify;\"><strong><span style=\"color: #000000;\">&#8220;SAVJETOVALI\u0160TE&#8221;<\/span><\/strong> je servis za pomo\u0107 mladima sa problemom zloupotrebe alkohola. Ovaj servis \u0107e omogu\u0107iti mladim ljudima sa rizi\u010dnim pona\u0161anjem da se jave za savjet i podr\u0161ku. Na njihova pitanja \u0107e odgovarati na\u0161e aktivistkinje koje su edukovane za tu oblast. \u00a0Ovaj servis \u0107e raditi svakog radnog dana od 09:00 do 17:00 \u010dasova. Povjerljivost je zagarantovana.<\/li>\n<li style=\"text-align: justify;\"><span style=\"color: #000000;\">Putem SOS kafea mladi \u0107e mo\u0107i da se prijave za edukativne sesije\u00a0<\/span><strong><span style=\"color: #000000;\">&#8221; ALKOHOL I MLADI&#8221;. <\/span><\/strong><span style=\"color: #000000;\">S<\/span><span style=\"color: #000000;\">esije su organizovane kao \u00a0jednoiposatni sastanci u\u017eivo na kojima \u0107e se mladi na interaktivan na\u010din upoznati sa problemom upotrebe\/zloupotrebe alkohola. \u00a0U\u010de\u0161\u0107e mogu uzeti mladi od 15-25 godina starosti.\u00a0<\/span><\/li>\n<\/ul>","protected":false},"excerpt":{"rendered":"<p>&nbsp; SOS cafe pru\u017ea mogu\u0107nost informisanja, razmjene ideja, upoznavanja i aktivnog u\u010de\u0161\u0107a mladih u kampanji \u00a0 \u00a0 \u00a0 \u00a0 \u00a0 protiv alkoholizma. U sklopu kafea se nalazi \u00a0forum :&#8220;DO\u0110ITE NA KAFICU&#8220;.\u00a0Forum \u00a0ima za cilj da okupi mlade sa rizi\u010dnim pona\u0161anjem \u00a0da otvoreno komuniciraju. Neposrednom \u00a0komunkacijom o realnim problemima \u00a0oni \u0107e korigovati svoje stavove i me\u0111usobno &#8230;<\/p>\n","protected":false},"author":6716,"featured_media":0,"parent":0,"menu_order":0,"comment_status":"closed","ping_status":"closed","template":"","meta":[],"_links":{"self":[{"href":"https:\/\/sosnk.org\/en\/wp-json\/wp\/v2\/pages\/927"}],"collection":[{"href":"https:\/\/sosnk.org\/en\/wp-json\/wp\/v2\/pages"}],"about":[{"href":"https:\/\/sosnk.org\/en\/wp-json\/wp\/v2\/types\/page"}],"author":[{"embeddable":true,"href":"https:\/\/sosnk.org\/en\/wp-json\/wp\/v2\/users\/6716"}],"replies":[{"embeddable":true,"href":"https:\/\/sosnk.org\/en\/wp-json\/wp\/v2\/comments?post=927"}],"version-history":[{"count":0,"href":"https:\/\/sosnk.org\/en\/wp-json\/wp\/v2\/pages\/927\/revisions"}],"wp:attachment":[{"href":"https:\/\/sosnk.org\/en\/wp-json\/wp\/v2\/media?parent=927"}],"curies":[{"name":"wp","href":"https:\/\/api.w.org\/{rel}","templated":true}]}}